{"id":2872,"date":"2025-03-05T22:11:14","date_gmt":"2025-03-05T22:11:14","guid":{"rendered":"https:\/\/noveduca.com\/?page_id=2872"},"modified":"2025-04-12T00:01:48","modified_gmt":"2025-04-12T00:01:48","slug":"privacy-policy-2","status":"publish","type":"page","link":"https:\/\/noveduca.com\/es\/privacy-policy-2\/","title":{"rendered":"Pol\u00edticas de Privacidad"},"content":{"rendered":"<div data-elementor-type=\"wp-page\" data-elementor-id=\"2872\" class=\"elementor elementor-2872\" data-elementor-post-type=\"page\">\n\t\t\t\t<div class=\"elementor-element elementor-element-1c59baf e-flex e-con-boxed e-con e-parent\" data-id=\"1c59baf\" data-element_type=\"container\" data-e-type=\"container\">\n\t\t\t\t\t<div class=\"e-con-inner\">\n\t\t\t\t<div class=\"elementor-element elementor-element-432047f elementor-widget elementor-widget-text-editor\" data-id=\"432047f\" data-element_type=\"widget\" data-e-type=\"widget\" data-widget_type=\"text-editor.default\">\n\t\t\t\t<div class=\"elementor-widget-container\">\n\t\t\t\t\t\t\t\t\t<p>Pol\u00edticas de Privacidad<\/p>\t\t\t\t\t\t\t\t<\/div>\n\t\t\t\t<\/div>\n\t\t\t\t<div class=\"elementor-element elementor-element-b7ea84a elementor-widget elementor-widget-text-editor\" data-id=\"b7ea84a\" data-element_type=\"widget\" data-e-type=\"widget\" data-widget_type=\"text-editor.default\">\n\t\t\t\t<div class=\"elementor-widget-container\">\n\t\t\t\t\t\t\t\t\t<b>\u00daltima actualizaci\u00f3n: 7 de marzo de 2025<\/b>\nEsta Pol\u00edtica de Privacidad describe nuestras pol\u00edticas y procedimientos sobre la recopilaci\u00f3n, uso y divulgaci\u00f3n de su informaci\u00f3n cuando utiliza el Servicio y le informa sobre sus derechos de privacidad y c\u00f3mo le protege la ley.\n\n<b>Interpretaci\u00f3n:<\/b>\nLas palabras cuya inicial aparece en may\u00fascula tienen los significados que se definen a continuaci\u00f3n. Las siguientes definiciones tendr\u00e1n el mismo significado independientemente de que aparezcan en singular o en plural.\n\n<b>Definiciones:<\/b>\nA efectos de la presente Pol\u00edtica de Privacidad:\n<ul>\n \t<li>Cuenta significa una cuenta \u00fanica creada para que Usted acceda a nuestro Servicio o a partes de nuestro Servicio.<\/li>\n \t<li>Afiliada significa una entidad que controla, es controlada por o est\u00e1 bajo control com\u00fan con una parte, donde \u00abcontrol\u00bb significa la propiedad del 50% o m\u00e1s de las acciones, participaciones u otros valores con derecho a voto para la elecci\u00f3n de directores u otra autoridad de gesti\u00f3n.<\/li>\n \t<li>Empresa (denominada \u00abla Empresa\u00bb, \u00abNosotros\u00bb, \u00abNos\u00bb o \u00abNuestro\u00bb en el presente Acuerdo) se refiere a NovEduca.<\/li>\n \t<li>Las cookies son peque\u00f1os archivos que un sitio web coloca en su ordenador, dispositivo m\u00f3vil o cualquier otro dispositivo y que contienen, entre otros muchos usos, los detalles de su historial de navegaci\u00f3n en ese sitio web.<\/li>\n \t<li>El pa\u00eds se refiere a: Texas, Estados Unidos<\/li>\n \t<li>Dispositivo: cualquier aparato que pueda acceder al Servicio, como un ordenador, un tel\u00e9fono m\u00f3vil o una tableta digital.<\/li>\n \t<li>Los datos personales son cualquier informaci\u00f3n relativa a una persona f\u00edsica identificada o identificable.<\/li>\n \t<li>Servicio se refiere al Sitio web.<\/li>\n \t<li>Por Proveedor de Servicios se entiende cualquier persona f\u00edsica o jur\u00eddica que procese los datos en nombre de la Empresa. Se refiere a terceras empresas o personas f\u00edsicas contratadas por la Empresa para facilitar el Servicio, prestar el Servicio en nombre de la Empresa, realizar servicios relacionados con el Servicio o ayudar a la Empresa a analizar c\u00f3mo se utiliza el Servicio.<\/li>\n \t<li>Por Datos de Uso se entienden los datos recogidos autom\u00e1ticamente, ya sean generados por el uso del Servicio o procedentes de la propia infraestructura del Servicio (por ejemplo, la duraci\u00f3n de la visita a una p\u00e1gina).<\/li>\n \t<li>El sitio web hace referencia a NovEduca, accesible desde (https:\/\/noveduca.com\/)<\/li>\n \t<li>Usted es la persona f\u00edsica que accede o utiliza el Servicio, o la empresa u otra entidad jur\u00eddica en nombre de la cual dicha persona f\u00edsica accede o utiliza el Servicio, seg\u00fan corresponda.<\/li>\n<\/ul>\n<div><\/div>\n<b>Datos Personales:\n<\/b>Al utilizar nuestro Servicio, es posible que le pidamos que nos proporcione cierta informaci\u00f3n de identificaci\u00f3n personal que pueda utilizarse para ponernos en contacto con usted o identificarle. La informaci\u00f3n de identificaci\u00f3n personal puede incluir, pero no se limita a:\n<ul>\n \t<li>Direcci\u00f3n de correo electr\u00f3nico<\/li>\n \t<li>Nombre y apellidos<\/li>\n \t<li>Datos de uso<\/li>\n<\/ul>\n<div><\/div>\n<b>Datos de uso\n<\/b>Los Datos de Uso se recogen autom\u00e1ticamente al utilizar el Servicio. Los Datos de Uso pueden incluir informaci\u00f3n como la direcci\u00f3n de Protocolo de Internet (por ejemplo, la direcci\u00f3n IP) de Su Dispositivo, el tipo de navegador, la versi\u00f3n del navegador, las p\u00e1ginas de nuestro Servicio que Usted visita, la hora y la fecha de Su visita, el tiempo empleado en esas p\u00e1ginas, identificadores \u00fanicos de dispositivos y otros datos de diagn\u00f3stico.\n\nCuando Usted accede al Servicio por o a trav\u00e9s de un dispositivo m\u00f3vil, podemos recopilar cierta informaci\u00f3n autom\u00e1ticamente, incluyendo, pero sin limitarse a, el tipo de dispositivo m\u00f3vil que utiliza, el identificador \u00fanico de su dispositivo m\u00f3vil, la direcci\u00f3n IP de su dispositivo m\u00f3vil, su sistema operativo m\u00f3vil, el tipo de navegador de Internet m\u00f3vil que utiliza, identificadores \u00fanicos de dispositivo y otros datos de diagn\u00f3stico.\n\nTambi\u00e9n podemos recopilar informaci\u00f3n que su navegador env\u00eda cada vez que visita nuestro Servicio o cuando accede al Servicio por o a trav\u00e9s de un dispositivo m\u00f3vil.\n\n<b>Tecnolog\u00edas de seguimiento y cookies:\n<\/b>Utilizamos Cookies y tecnolog\u00edas de seguimiento similares para rastrear la actividad en Nuestro Servicio y almacenar cierta informaci\u00f3n. Las tecnolog\u00edas de rastreo utilizadas son balizas, etiquetas y scripts para recopilar y rastrear informaci\u00f3n y para mejorar y analizar Nuestro Servicio. Las tecnolog\u00edas que utilizamos pueden incluir:\n<ul>\n \t<li>Cookies o Cookies del Navegador. Una cookie es un peque\u00f1o archivo que se coloca en su dispositivo. Usted puede indicar a su navegador que rechace todas las Cookies o que le indique cu\u00e1ndo se est\u00e1 enviando una Cookie. Sin embargo, si no acepta las Cookies, es posible que no pueda utilizar algunas partes de nuestro Servicio. A menos que haya ajustado la configuraci\u00f3n de su navegador para que rechace las Cookies, nuestro Servicio puede utilizar Cookies.<\/li>\n \t<li>Balizas web. Ciertas secciones de nuestro Servicio y nuestros correos electr\u00f3nicos pueden contener peque\u00f1os archivos electr\u00f3nicos conocidos como balizas web (tambi\u00e9n denominadas gifs transparentes, etiquetas de p\u00edxel y gifs de p\u00edxel \u00fanico) que permiten a la Empresa, por ejemplo, contar los usuarios que han visitado esas p\u00e1ginas o abierto un correo electr\u00f3nico y para otras estad\u00edsticas relacionadas con el sitio web (por ejemplo, registrar la popularidad de una determinada secci\u00f3n y verificar la integridad del sistema y del servidor).<\/li>\n<\/ul>\n<div><\/div>\nLas cookies pueden ser \u00abpersistentes\u00bb o \u00abde sesi\u00f3n\u00bb. Las Cookies persistentes permanecen en Su ordenador personal o dispositivo m\u00f3vil cuando Usted se desconecta, mientras que las Cookies de sesi\u00f3n. Cookies se eliminan tan pronto como se cierra el navegador web.\n\nUtilizamos tanto Cookies de Sesi\u00f3n como Persistentes para los fines que se indican a continuaci\u00f3n:\n\n<b>Necessary \/ Essential Cookies\n<\/b>\n<ul>\n \t<li>Tipo: Cookies de sesi\u00f3n<\/li>\n \t<li>Administrado por: Nosotros<\/li>\n<\/ul>\nFinalidad: Estas Cookies son esenciales para proporcionarle los servicios disponibles a trav\u00e9s del Sitio Web y permitirle utilizar algunas de sus funciones. Ayudan a autenticar a los usuarios y a evitar el uso fraudulento de las cuentas de usuario. Sin estas Cookies, los servicios que Usted ha solicitado no pueden ser proporcionados, y s\u00f3lo utilizamos estas Cookies para proporcionarle dichos servicios.\n\nPara obtener m\u00e1s informaci\u00f3n sobre las cookies que utilizamos y sus opciones en relaci\u00f3n con las cookies, visite nuestra Pol\u00edtica de cookies o la secci\u00f3n Cookies de nuestra Pol\u00edtica de privacidad.\n\n<b>Uso de sus datos personales:\n<\/b>\n<ul>\n \t<li>La Empresa podr\u00e1 utilizar los Datos Personales para los siguientes fines:<\/li>\n \t<li>Proporcionar y mantener nuestro Servicio, incluida la supervisi\u00f3n del uso del mismo.<\/li>\n \t<li>Para la ejecuci\u00f3n de un contrato: el desarrollo, cumplimiento y realizaci\u00f3n del contrato de compra de los productos, art\u00edculos o servicios que Usted haya adquirido o de cualquier otro contrato con Nosotros a trav\u00e9s del Servicio.<\/li>\n \t<li>Para ponernos en contacto con Usted: Para ponerse en contacto con Usted por correo electr\u00f3nico, llamadas telef\u00f3nicas, SMS u otras formas equivalentes de comunicaci\u00f3n electr\u00f3nica, como las notificaciones push de una aplicaci\u00f3n m\u00f3vil sobre actualizaciones o comunicaciones informativas relacionadas con las funcionalidades, productos o servicios contratados, incluidas las actualizaciones de seguridad, cuando sea necesario o razonable para su implementaci\u00f3n.<\/li>\n \t<li>Gestionar sus solicitudes: Para atender y gestionar Sus solicitudes a Nosotros.<\/li>\n \t<li>Para otros fines : Podemos utilizar su informaci\u00f3n para otros fines, como el an\u00e1lisis de datos, la identificaci\u00f3n de tendencias de uso, la determinaci\u00f3n de la eficacia de nuestras campa\u00f1as promocionales y para evaluar y mejorar nuestro Servicio, productos, servicios, marketing y su experiencia.<\/li>\n<\/ul>\n<div><\/div>\n<b>Conservaci\u00f3n de sus datos personales:\n<\/b>La Empresa conservar\u00e1 sus Datos Personales \u00fanicamente durante el tiempo que sea necesario para los fines establecidos en la presente Pol\u00edtica de Privacidad. Conservaremos y utilizaremos sus Datos Personales en la medida necesaria para cumplir con nuestras obligaciones legales (por ejemplo, si estamos obligados a conservar sus datos para cumplir con la legislaci\u00f3n aplicable), resolver conflictos y hacer cumplir nuestros acuerdos legales y pol\u00edticas.\n\nLa Empresa tambi\u00e9n conservar\u00e1 los Datos de Uso con fines de an\u00e1lisis interno. Por lo general, los Datos de Uso se conservan durante un per\u00edodo de tiempo m\u00e1s corto, excepto cuando estos datos se utilizan para reforzar la seguridad o para mejorar la funcionalidad de Nuestro Servicio, o estamos legalmente obligados a conservar estos datos durante per\u00edodos de tiempo m\u00e1s largos.\n\n<b>Transferencia de sus datos personales:\n<\/b>Su informaci\u00f3n, incluidos los Datos Personales, se procesa en las oficinas operativas de la Empresa y en cualquier otro lugar donde se encuentren las partes implicadas en el procesamiento. Esto significa que esta informaci\u00f3n puede ser transferida y mantenida en ordenadores situados fuera de su estado, provincia, pa\u00eds u otra jurisdicci\u00f3n gubernamental donde las leyes de protecci\u00f3n de datos puedan diferir de las de su jurisdicci\u00f3n.\n\n<b>Borrado de sus datos personales:\n<\/b>Usted tiene derecho a eliminar o solicitar que le ayudemos a eliminar los Datos Personales que hayamos recopilado sobre Usted.\n\nNuestro Servicio puede ofrecerle la posibilidad de eliminar cierta informaci\u00f3n sobre Usted desde el propio Servicio.\n\nPuede actualizar, modificar o eliminar su informaci\u00f3n en cualquier momento accediendo a su cuenta, si la tiene, y visitando la secci\u00f3n de configuraci\u00f3n de la cuenta que le permite gestionar su informaci\u00f3n personal. Tambi\u00e9n puede ponerse en contacto con nosotros para solicitar el acceso, la correcci\u00f3n o la eliminaci\u00f3n de cualquier informaci\u00f3n personal que nos haya proporcionado.\n\nNo obstante, tenga en cuenta que es posible que necesitemos conservar determinada informaci\u00f3n cuando tengamos una obligaci\u00f3n legal o una base jur\u00eddica para hacerlo.\n\n<b>Operaciones comerciales:\n<\/b>Si la empresa participa en una fusi\u00f3n, adquisici\u00f3n o venta de activos, sus datos personales pueden ser transferidos. Le avisaremos antes de que sus Datos Personales sean transferidos y pasen a estar sujetos a una Pol\u00edtica de Privacidad diferente.\n\n<b>Cumplimiento de la ley:\n<\/b>En determinadas circunstancias, la Empresa puede verse obligada a revelar sus Datos Personales si as\u00ed se lo exige la ley o en respuesta a solicitudes v\u00e1lidas de autoridades p\u00fablicas (por ejemplo, un tribunal o una agencia gubernamental).\n\n<b>Otros requisitos legales:\n<\/b>La Empresa podr\u00e1 revelar sus Datos Personales en la creencia de buena fe de que dicha acci\u00f3n es necesaria para:\n<ul>\n \t<li>Cumplir una obligaci\u00f3n legal<\/li>\n \t<li>Proteger y defender los derechos o la propiedad de la empresa<\/li>\n \t<li>Prevenir o investigar posibles irregularidades en relaci\u00f3n con el Servicio<\/li>\n \t<li>Proteger la seguridad personal de los usuarios del servicio o del p\u00fablico.<\/li>\n \t<li>Protecci\u00f3n frente a la responsabilidad jur\u00eddica<\/li>\n<\/ul>\n<div><\/div>\n<b>Seguridad de sus datos personales:\n<\/b>La seguridad de sus Datos Personales es importante para nosotros, pero recuerde que ning\u00fan m\u00e9todo de transmisi\u00f3n por Internet o de almacenamiento electr\u00f3nico es seguro al 100%. Aunque nos esforzamos por utilizar medios comercialmente aceptables para proteger sus Datos Personales, no podemos garantizar su seguridad absoluta.\n\n<b>Enlaces a otros sitios web:\n<\/b>Nuestro Servicio puede contener enlaces a otros sitios web no gestionados por nosotros. Si hace clic en un enlace de terceros, ser\u00e1 dirigido al sitio de ese tercero. Le recomendamos encarecidamente que revise la Pol\u00edtica de Privacidad de cada sitio que visite.\n\nNo tenemos ning\u00fan control ni asumimos ninguna responsabilidad por el contenido, las pol\u00edticas de privacidad o las pr\u00e1cticas de los sitios o servicios de terceros.\n\n<b>Cambios en esta pol\u00edtica de privacidad:\n<\/b>Es posible que actualicemos nuestra Pol\u00edtica de Privacidad de vez en cuando. Le notificaremos cualquier cambio publicando la nueva Pol\u00edtica de Privacidad en esta p\u00e1gina.\n\nSe lo comunicaremos por correo electr\u00f3nico y\/o mediante un aviso destacado en nuestro Servicio, antes de que el cambio entre en vigor, y actualizaremos la fecha de \u00ab\u00daltima actualizaci\u00f3n\u00bb en la parte superior de esta Pol\u00edtica de Privacidad.\n\nLe recomendamos que revise peri\u00f3dicamente esta Pol\u00edtica de Privacidad para comprobar si se han producido cambios. Las modificaciones de esta Pol\u00edtica de Privacidad entrar\u00e1n en vigor cuando se publiquen en esta p\u00e1gina.\n\n<b>Contacto\n<\/b>Si tiene alguna pregunta sobre esta Pol\u00edtica de privacidad, puede ponerse en contacto con nosotros:\n<ul>\n \t<li>Por correo: <a class=\"link\" href=\"mailto:administration@noveduca.com\">administration@noveduca.com<\/a><\/li>\n \t<li>Visitando esta p\u00e1gina de nuestro sitio web: <a class=\"link\" href=\"https:\/\/noveduca.com\/es\/contact-us\/\">https:\/\/noveduca.com\/contact-us\/<\/a><\/li>\n<\/ul>\t\t\t\t\t\t\t\t<\/div>\n\t\t\t\t<\/div>\n\t\t\t\t\t<\/div>\n\t\t\t\t<\/div>\n\t\t\t\t<\/div>","protected":false},"excerpt":{"rendered":"<p>Privacy Policy Last updated: March 7th, 2025 This Privacy Policy describes Our policies and procedures on the collection, use and disclosure of Your information when You use the Service and tells You about Your privacy rights and how the law protects You. Interpretation The words of which the initial letter is capitalized have meanings defined [&hellip;]<\/p>\n","protected":false},"author":1,"featured_media":0,"parent":0,"menu_order":0,"comment_status":"closed","ping_status":"closed","template":"","meta":{"_acf_changed":false,"_seopress_robots_primary_cat":"","_seopress_titles_title":"","_seopress_titles_desc":"","_seopress_robots_index":"","_crdt_document":"","footnotes":""},"class_list":["post-2872","page","type-page","status-publish","hentry"],"acf":[],"_links":{"self":[{"href":"https:\/\/noveduca.com\/es\/wp-json\/wp\/v2\/pages\/2872","targetHints":{"allow":["GET"]}}],"collection":[{"href":"https:\/\/noveduca.com\/es\/wp-json\/wp\/v2\/pages"}],"about":[{"href":"https:\/\/noveduca.com\/es\/wp-json\/wp\/v2\/types\/page"}],"author":[{"embeddable":true,"href":"https:\/\/noveduca.com\/es\/wp-json\/wp\/v2\/users\/1"}],"replies":[{"embeddable":true,"href":"https:\/\/noveduca.com\/es\/wp-json\/wp\/v2\/comments?post=2872"}],"version-history":[{"count":28,"href":"https:\/\/noveduca.com\/es\/wp-json\/wp\/v2\/pages\/2872\/revisions"}],"predecessor-version":[{"id":4134,"href":"https:\/\/noveduca.com\/es\/wp-json\/wp\/v2\/pages\/2872\/revisions\/4134"}],"wp:attachment":[{"href":"https:\/\/noveduca.com\/es\/wp-json\/wp\/v2\/media?parent=2872"}],"curies":[{"name":"wp","href":"https:\/\/api.w.org\/{rel}","templated":true}]}}